{"id":8805,"date":"2019-04-16T09:38:46","date_gmt":"2019-04-16T09:38:46","guid":{"rendered":"https:\/\/turronesjgarrigos.com\/?page_id=8805"},"modified":"2023-05-12T09:55:27","modified_gmt":"2023-05-12T09:55:27","slug":"aviso-legal","status":"publish","type":"page","link":"https:\/\/turronesjgarrigos.com\/gb\/aviso-legal\/","title":{"rendered":"LEGAL NOTICE"},"content":{"rendered":"[vc_row][vc_column][vc_column_text]\n<div class=\"container\">\n<div class=\"row\">\n<div class=\"col-md-8 col-md-offset-2 text-xs-center\">\n<h3 class=\"mbr-section-title display-2\">AVISO LEGAL<\/h3>\n<div class=\"lead\">\n<p>1. Datos de la empresa<\/p>\n<p>En cumplimiento del art\u00edculo 10 de la Ley 34\/2002, de 11 de julio, de Servicios de la Sociedad de la Informaci\u00f3n y Comercio Electr\u00f3nico, a continuaci\u00f3n se exponen los datos identificativos de la empresa.<\/p>\n<p>El responsable de esta p\u00e1gina web es: Turrones Jose Garrigos SA, sociedad inscrita en el<br \/>\nRegistro Mercantil de Alicante tomo 433 gral. libro 164 secci\u00f3n 3\u00aa folio 105 hoja 2360 inscripci\u00f3n 1\u00aa, con C.I.F. A03012853 y domicilio social en Ctra Jijona-Alicante, kmtro 3,03100, Jijona (ALICANTE).<\/p>\n<p>Tel\u00e9fono: 96 561 06 25.<\/p>\n<p>Direcci\u00f3n de correo electr\u00f3nico: exporta@turronesjgarrigos.com.<\/p>\n<p>2. Propiedad Intelectual<\/p>\n<p>El c\u00f3digo fuente, los dise\u00f1os gr\u00e1ficos, las im\u00e1genes, las fotograf\u00edas, los sonidos, las animaciones, el software, los textos, as\u00ed como la informaci\u00f3n y los contenidos que se recogen en TURRONES JOS\u00c9 GARRIG\u00d3S, S.A. est\u00e1n protegidos por la legislaci\u00f3n espa\u00f1ola sobre los derechos de propiedad intelectual e industrial a favor de denominaci\u00f3n social de la empresa y no se permite la reproducci\u00f3n y\/o publicaci\u00f3n, total o parcial, del sitio web, ni su tratamiento inform\u00e1tico, su distribuci\u00f3n, su difusi\u00f3n, ni su modificaci\u00f3n, transformaci\u00f3n o descompilaci\u00f3n, ni dem\u00e1s derechos reconocidos legalmente a su titular, sin el permiso previo y por escrito del mismo, TURRONES JOS\u00c9 GARRIG\u00d3S, S.A.<\/p>\n<p>El usuario, \u00fanica y exclusivamente, puede utilizar el material que aparezca en este sitio web para su uso personal y privado, quedando prohibido su uso con fines comerciales o para incurrir en actividades il\u00edcitas. Todos los derechos derivados de la propiedad intelectual est\u00e1n expresamente reservados por TURRONES JOS\u00c9 GARRIG\u00d3S, S.A.<\/p>\n<p>TURRONES JOS\u00c9 GARRIG\u00d3S, S.A. velar\u00e1 por el cumplimiento de las anteriores condiciones como por la debida utilizaci\u00f3n de los contenidos presentados en sus p\u00e1ginas web, ejercitando todas las acciones civiles y penales que le correspondan en el caso de infracci\u00f3n o incumplimiento de estos derechos por parte del usuario.<\/p>\n<p>4. Varios<\/p>\n<p>A.- TURRONES JOS\u00c9 GARRIG\u00d3S, S.A. utiliza cookies que se quedar\u00e1n almacenadas en el ordenador. Las cookies son peque\u00f1os archivos que nuestro ordenador env\u00eda al suyo, pero que no nos proporcionan informaci\u00f3n ni sobre su nombre, ni sobre cualquier dato de car\u00e1cter personal suyo. Las cookies que utilizamos no pueden leer datos de su ordenador ni leer las cookies que existan en su ordenador.<\/p>\n<p>Cuando el usuario se encuentre navegando por las p\u00e1ginas web de TURRONES JOS\u00c9 GARRIG\u00d3S, S.A. el servidor donde se encuentra alojada reconoce autom\u00e1ticamente la direcci\u00f3n IP de su ordenador, el d\u00eda y la hora en la que comienza la visita, en la que abandona la visita, as\u00ed como informaci\u00f3n sobre las distintas secciones consultadas. Es necesario que el servidor conozca estos datos para poder comunicarse y enviarle la petici\u00f3n realizada y que a trav\u00e9s del navegador se pueda ver en la pantalla.<\/p>\n<p>Si usted lo desea puede configurar su navegador de manera que le avise en la pantalla si va a recibir una cookie. El usuario puede configurar su ordenador de manera que no reciba estas cookies, este hecho no impedir\u00e1 que se pueda acceder a la informaci\u00f3n del sitio web de la empresa.<\/p>\n<p>B.- TURRONES JOS\u00c9 GARRIG\u00d3S, S.A. podr\u00e1 modificar, sin previo aviso, la informaci\u00f3n contenida en su sitio web, as\u00ed como su configuraci\u00f3n y presentaci\u00f3n.<\/p>\n<p>C.- TURRONES JOS\u00c9 GARRIG\u00d3S, S.A. se compromete a trav\u00e9s de este medio a NO REALIZAR PUBLICIDAD ENGA\u00d1OSA. A estos efectos, por lo tanto, no ser\u00e1n considerados como publicidad enga\u00f1osa los errores formales o num\u00e9ricos que puedan encontrarse a lo largo del contenido de las distintas secciones de la web de TURRONES JOS\u00c9 GARRIG\u00d3S, S.A., producidos como consecuencia de un mantenimiento y\/o actualizaci\u00f3n incompleta o defectuosa de la informaci\u00f3n contenida en estas secciones. TURRONES JOS\u00c9 GARRIG\u00d3S, S.A., como consecuencia de lo dispuesto en este apartado, se compromete a corregirlo tan pronto como tenga conocimiento de dichos errores.<\/p>\n<p>D.- TURRONES JOS\u00c9 GARRIG\u00d3S, S.A. se compromete a NO REMITIR COMUNICACIONES COMERCIALES SIN IDENTIFICARLAS COMO TALES, conforme a lo dispuesto en la Ley 34\/2002 de Servicios de la Sociedad de la Informaci\u00f3n y de comercio electr\u00f3nico. A estos efectos no ser\u00e1 considerado como comunicaci\u00f3n comercial toda la informaci\u00f3n que se env\u00ede A LOS CLIENTES de TURRONES JOS\u00c9 GARRIG\u00d3S, S.A. siempre que tenga por finalidad el mantenimiento de la relaci\u00f3n contractual existente entre cliente y TURRONES JOS\u00c9 GARRIG\u00d3S, S.A., as\u00ed como el desempe\u00f1o de las tareas de informaci\u00f3n, formaci\u00f3n y otras actividades propias del servicio que el cliente tiene contratado con la empresa.<\/p>\n<p>E.- TURRONES JOS\u00c9 GARRIG\u00d3S, S.A. no se hace responsable del incumplimiento de cualquier norma aplicable en que pueda incurrir el usuario en su acceso al sitio web de la empresa y\/o en el uso de las informaciones contenidas en el mismo.<\/p>\n<p>F.- TURRONES JOS\u00c9 GARRIG\u00d3S, S.A. no ser\u00e1 responsable de los da\u00f1os y perjuicios producidos o que puedan producirse, cualquiera que sea su naturaleza, que se deriven del uso de la informaci\u00f3n, de las materias contenidas en este web site y de los programas que incorpora. Los enlaces (Links) e hipertexto que posibiliten, a trav\u00e9s del sitio web de la empresa, acceder al usuario a prestaciones y servicios ofrecidos por terceros, no pertenecen ni se encuentran bajo el control de TURRONES JOS\u00c9 GARRIG\u00d3S, S.A.; dicha entidad no se hace responsable ni de la informaci\u00f3n contenida en los mismos ni de cualesquiera efectos que pudieran derivarse de dicha informaci\u00f3n.<\/p>\n<p>G.- TURRONES JOS\u00c9 GARRIG\u00d3S, S.A. no se hace responsable del uso ileg\u00edtimo que terceras personas puedan hacer de los nombres de marca, nombres de producto, marcas comerciales que, no siendo propiedad de dicha entidad, aparezcan en el Web-Site web de la empresa. Tampoco se responsabiliza de la integridad, veracidad y licitud del contenido de los enlaces a las webs a las que pueda accederse desde web de la empresa.<\/p>\n<p>H.- TURRONES JOS\u00c9 GARRIG\u00d3S, S.A. no se responsabiliza de los virus que tengan su origen en una transmisi\u00f3n telem\u00e1tica infiltrados por terceras partes (por ejemplo, los macros de procesadores de texto, los applets de Java y los programas Active X), generados con la finalidad de obtener resultados negativos para un sistema inform\u00e1tico.<\/p>\n<p>I.- En definitiva, el Usuario es el \u00fanico responsable del uso que realice de los servicios, contenidos, enlaces (links) e hipertexto incluidos en el sitio web de la empresa.<\/p><\/div>\n<\/div>\n<\/div>\n<\/div>\n[\/vc_column_text][\/vc_column][\/vc_row]\n","protected":false},"excerpt":{"rendered":"<p>[vc_row][vc_column][vc_column_text] AVISO LEGAL 1. Datos de la empresa En cumplimiento del art\u00edculo 10 de la Ley 34\/2002, de 11 de julio, de Servicios de la Sociedad de la Informaci\u00f3n y Comercio Electr\u00f3nico, a continuaci\u00f3n se exponen los datos identificativos de la empresa. El responsable de esta p\u00e1gina web es: Turrones Jose Garrigos SA, sociedad inscrita [&hellip;]<\/p>\n","protected":false},"author":1,"featured_media":0,"parent":0,"menu_order":0,"comment_status":"closed","ping_status":"closed","template":"","meta":[],"translation":{"provider":"WPGlobus","version":"2.7.7","language":"gb","enabled_languages":["es","gb"],"languages":{"es":{"title":true,"content":true,"excerpt":false},"gb":{"title":true,"content":false,"excerpt":false}}},"_links":{"self":[{"href":"https:\/\/turronesjgarrigos.com\/gb\/wp-json\/wp\/v2\/pages\/8805"}],"collection":[{"href":"https:\/\/turronesjgarrigos.com\/gb\/wp-json\/wp\/v2\/pages"}],"about":[{"href":"https:\/\/turronesjgarrigos.com\/gb\/wp-json\/wp\/v2\/types\/page"}],"author":[{"embeddable":true,"href":"https:\/\/turronesjgarrigos.com\/gb\/wp-json\/wp\/v2\/users\/1"}],"replies":[{"embeddable":true,"href":"https:\/\/turronesjgarrigos.com\/gb\/wp-json\/wp\/v2\/comments?post=8805"}],"version-history":[{"count":5,"href":"https:\/\/turronesjgarrigos.com\/gb\/wp-json\/wp\/v2\/pages\/8805\/revisions"}],"predecessor-version":[{"id":9860,"href":"https:\/\/turronesjgarrigos.com\/gb\/wp-json\/wp\/v2\/pages\/8805\/revisions\/9860"}],"wp:attachment":[{"href":"https:\/\/turronesjgarrigos.com\/gb\/wp-json\/wp\/v2\/media?parent=8805"}],"curies":[{"name":"wp","href":"https:\/\/api.w.org\/{rel}","templated":true}]}}