{"id":7,"date":"2016-05-26T12:15:29","date_gmt":"2016-05-26T12:15:29","guid":{"rendered":"http:\/\/demos.artbees.net\/jupiter5\/jueves\/?page_id=7"},"modified":"2024-05-31T10:39:54","modified_gmt":"2024-05-31T10:39:54","slug":"home","status":"publish","type":"page","link":"https:\/\/turronesjgarrigos.com\/gb\/","title":{"rendered":"Home"},"content":{"rendered":"[vc_row fullwidth=&#8221;true&#8221;][vc_column][mk_edge_slider first_el=&#8221;true&#8221; swiper_bg=&#8221;&#8221; parallax=&#8221;true&#8221; order=&#8221;ASC&#8221; height=&#8221;900&#8243; animation_effect=&#8221;vertical_slide&#8221; animation_speed=&#8221;200&#8243; slideshow_speed=&#8221;7426&#8243; direction_nav=&#8221;round&#8221; pagination=&#8221;none&#8221; slides=&#8221;7889, 7886&#8243;][\/vc_column][\/vc_row][vc_row fullwidth=&#8221;true&#8221; css=&#8221;.vc_custom_1543504385456{background-color: #f4f4f4 !important;}&#8221;][vc_column][mk_padding_divider size=&#8221;80&#8243;][mk_fancy_title tag_name=&#8221;h4&#8243; color=&#8221;#020202&#8243; size=&#8221;50&#8243; force_font_size=&#8221;true&#8221; size_smallscreen=&#8221;48&#8243; size_tablet=&#8221;45&#8243; size_phone=&#8221;40&#8243; font_style=&#8221;normal&#8221; txt_transform=&#8221;uppercase&#8221; letter_spacing=&#8221;5&#8243; margin_top=&#8221;20&#8243; font_family=&#8221;Montserrat&#8221; font_type=&#8221;google&#8221; align=&#8221;center&#8221; animation=&#8221;left-to-right&#8221;]NUESTROS <strong><b>PRODUCTOS<\/b><\/strong>[\/mk_fancy_title][vc_separator color=&#8221;black&#8221; border_width=&#8221;2&#8243; el_width=&#8221;30&#8243;][mk_padding_divider size=&#8221;20&#8243;][vc_row_inner is_fullwidth_content=&#8221;false&#8221;][vc_column_inner][mk_fancy_title tag_name=&#8221;h4&#8243; color=&#8221;#000000&#8243; size=&#8221;22&#8243; line_height=&#8221;150&#8243; font_style=&#8221;normal&#8221; letter_spacing=&#8221;1&#8243; margin_bottom=&#8221;0&#8243; font_family=&#8221;Montserrat&#8221; font_type=&#8221;google&#8221; align=&#8221;center&#8221; animation=&#8221;left-to-right&#8221;]Con <strong>dulzura y artesan\u00eda<\/strong>, nuestros <strong>maestros turroneros<\/strong> elaboran una amplia gama de <strong>turrones y dulces<\/strong> que acompa\u00f1an la memoria y los buenos momentos en familia.[\/mk_fancy_title][\/vc_column_inner][\/vc_row_inner][mk_padding_divider size=&#8221;50&#8243;][vc_row_inner is_fullwidth_content=&#8221;false&#8221;][vc_column_inner width=&#8221;1\/4&#8243;][mk_image src=&#8221;https:\/\/turronesjgarrigos.com\/wp-content\/uploads\/2021\/06\/traditional.jpg&#8221; image_size=&#8221;full&#8221; link=&#8221;\/turrones-y-dulces-artesanales\/turrones-i-g-p\/&#8221;][\/vc_column_inner][vc_column_inner width=&#8221;1\/4&#8243;][mk_image src=&#8221;https:\/\/turronesjgarrigos.com\/wp-content\/uploads\/2021\/06\/obrador.jpg&#8221; image_size=&#8221;full&#8221; link=&#8221;\/turrones-y-dulces-artesanales\/turrones-de-obrador\/&#8221;][\/vc_column_inner][vc_column_inner width=&#8221;1\/4&#8243;][mk_image src=&#8221;https:\/\/turronesjgarrigos.com\/wp-content\/uploads\/2021\/06\/sin-azucar.jpg&#8221; image_size=&#8221;full&#8221; link=&#8221;\/turrones-y-dulces-artesanales\/turrones-sin-azucares-anadidos\/&#8221;][\/vc_column_inner][vc_column_inner width=&#8221;1\/4&#8243;][mk_image src=&#8221;https:\/\/turronesjgarrigos.com\/wp-content\/uploads\/2021\/06\/cacahuete.jpg&#8221; image_size=&#8221;full&#8221; link=&#8221;\/turrones-y-dulces-artesanales\/turrones-de-cacahuete\/&#8221;][\/vc_column_inner][\/vc_row_inner][vc_row_inner is_fullwidth_content=&#8221;false&#8221;][vc_column_inner width=&#8221;1\/4&#8243;][mk_image src=&#8221;https:\/\/turronesjgarrigos.com\/wp-content\/uploads\/2021\/06\/turrones-chocolate.jpg&#8221; image_size=&#8221;full&#8221; link=&#8221;\/turrones-y-dulces-artesanales\/turrones-de-chocolate\/&#8221;][\/vc_column_inner][vc_column_inner width=&#8221;1\/4&#8243;][mk_image src=&#8221;https:\/\/turronesjgarrigos.com\/wp-content\/uploads\/2021\/06\/pasteleria.jpg&#8221; image_size=&#8221;full&#8221; link=&#8221;\/turrones-y-dulces-artesanales\/pasteleria-navidena-tradicional\/&#8221;][\/vc_column_inner][vc_column_inner width=&#8221;1\/4&#8243;][mk_image src=&#8221;https:\/\/turronesjgarrigos.com\/wp-content\/uploads\/2021\/06\/heladerias.jpg&#8221; image_size=&#8221;full&#8221; link=&#8221;\/turrones-y-dulces-artesanales\/productos-para-restauracion-y-heladeria\/&#8221;][\/vc_column_inner][\/vc_row_inner][mk_padding_divider size=&#8221;50&#8243;][\/vc_column][\/vc_row][vc_row fullwidth=&#8221;true&#8221; fullwidth_content=&#8221;false&#8221;][vc_column][mk_padding_divider size=&#8221;60&#8243;][mk_fancy_title tag_name=&#8221;h4&#8243; color=&#8221;#020202&#8243; size=&#8221;50&#8243; force_font_size=&#8221;true&#8221; size_smallscreen=&#8221;48&#8243; size_tablet=&#8221;45&#8243; size_phone=&#8221;40&#8243; font_weight=&#8221;400&#8243; font_style=&#8221;normal&#8221; txt_transform=&#8221;uppercase&#8221; letter_spacing=&#8221;5&#8243; margin_top=&#8221;20&#8243; margin_bottom=&#8221;5&#8243; font_family=&#8221;Montserrat&#8221; font_type=&#8221;google&#8221; align=&#8221;center&#8221; animation=&#8221;left-to-right&#8221;]NUESTRA <strong>HISTORIA<\/strong>[\/mk_fancy_title][vc_separator color=&#8221;black&#8221; border_width=&#8221;2&#8243; el_width=&#8221;30&#8243;][\/vc_column][\/vc_row][vc_row fullwidth=&#8221;true&#8221; fullwidth_content=&#8221;false&#8221;][vc_column][mk_padding_divider][mk_fancy_title color=&#8221;#000000&#8243; size=&#8221;20&#8243; line_height=&#8221;150&#8243; font_style=&#8221;normal&#8221; letter_spacing=&#8221;1&#8243; margin_bottom=&#8221;0&#8243; font_family=&#8221;Montserrat&#8221; font_type=&#8221;google&#8221; align=&#8221;center&#8221; el_class=&#8221;custom-jueves-heading&#8221;]<strong>Turrones Jos\u00e9 Garrig\u00f3s<\/strong> es una empresa familiar dedicada desde <strong>1890<\/strong> a la <strong>elaboraci\u00f3n artesanal de turrones y dulces<\/strong> para los mercados <strong>nacionales e internacionales<\/strong>.[\/mk_fancy_title][mk_padding_divider size=&#8221;90&#8243;][\/vc_column][\/vc_row][vc_row fullwidth=&#8221;true&#8221;][vc_column][mk_edge_slider swiper_bg=&#8221;&#8221; full_height=&#8221;false&#8221; height=&#8221;400&#8243; animation_speed=&#8221;2000&#8243; slideshow_speed=&#8221;4000&#8243; direction_nav=&#8221;none&#8221; skip_arrow=&#8221;false&#8221; slides=&#8221;7980, 7943&#8243;][\/vc_column][\/vc_row][vc_row fullwidth=&#8221;true&#8221; fullwidth_content=&#8221;false&#8221;][vc_column][mk_padding_divider size=&#8221;60&#8243;][mk_fancy_title tag_name=&#8221;h4&#8243; color=&#8221;#020202&#8243; size=&#8221;50&#8243; force_font_size=&#8221;true&#8221; size_smallscreen=&#8221;48&#8243; size_tablet=&#8221;45&#8243; size_phone=&#8221;35&#8243; font_weight=&#8221;400&#8243; font_style=&#8221;normal&#8221; txt_transform=&#8221;uppercase&#8221; letter_spacing=&#8221;5&#8243; margin_top=&#8221;20&#8243; margin_bottom=&#8221;5&#8243; font_family=&#8221;Montserrat&#8221; font_type=&#8221;google&#8221; align=&#8221;center&#8221; animation=&#8221;left-to-right&#8221;]CERTIFICADOS[\/mk_fancy_title][vc_separator color=&#8221;black&#8221; border_width=&#8221;2&#8243; el_width=&#8221;30&#8243;][mk_padding_divider size=&#8221;30&#8243;][mk_fancy_title color=&#8221;#000000&#8243; size=&#8221;22&#8243; line_height=&#8221;150&#8243; font_style=&#8221;normal&#8221; letter_spacing=&#8221;1&#8243; margin_bottom=&#8221;0&#8243; font_family=&#8221;Montserrat&#8221; font_type=&#8221;google&#8221; align=&#8221;center&#8221; el_class=&#8221;custom-jueves-heading&#8221;]Nos comprometemos a la <strong>fabricaci\u00f3n de turrones y dulces<\/strong> bajo certificados <strong>de calidad que garantizan<\/strong> seria y rigurosamente <strong>todos los procesos establecidos.<\/strong>[\/mk_fancy_title][mk_padding_divider size=&#8221;60&#8243;][\/vc_column][\/vc_row][vc_row fullwidth=&#8221;true&#8221; fullwidth_content=&#8221;false&#8221; css=&#8221;.vc_custom_1543482524109{padding-right: 10% !important;padding-left: 10% !important;}&#8221;][vc_column][mk_padding_divider size=&#8221;30&#8243;][vc_row_inner][vc_column_inner width=&#8221;1\/6&#8243;][\/vc_column_inner][vc_column_inner width=&#8221;1\/6&#8243;][\/vc_column_inner][vc_column_inner width=&#8221;1\/6&#8243;][mk_image src=&#8221;https:\/\/turronesjgarrigos.com\/wp-content\/uploads\/2018\/11\/indicacion-geografica-protegida.png&#8221; image_size=&#8221;full&#8221;][\/vc_column_inner][vc_column_inner width=&#8221;1\/6&#8243;][mk_image src=&#8221;https:\/\/turronesjgarrigos.com\/wp-content\/uploads\/2018\/11\/consejo-regulador-de-jijona-y-turron-de-alicante.png&#8221; image_size=&#8221;full&#8221;][\/vc_column_inner][vc_column_inner width=&#8221;1\/6&#8243;][mk_image src=&#8221;https:\/\/turronesjgarrigos.com\/wp-content\/uploads\/2018\/11\/ifs-food-international-featured-standards.png&#8221; image_size=&#8221;full&#8221;][\/vc_column_inner][vc_column_inner width=&#8221;1\/6&#8243;][\/vc_column_inner][\/vc_row_inner][vc_row_inner][vc_column_inner][\/vc_column_inner][\/vc_row_inner][mk_padding_divider size=&#8221;60&#8243;][\/vc_column][\/vc_row][vc_row fullwidth=&#8221;true&#8221; fullwidth_content=&#8221;false&#8221;][vc_column][mk_padding_divider size=&#8221;60&#8243;][vc_separator color=&#8221;black&#8221; border_width=&#8221;2&#8243; el_width=&#8221;30&#8243;][mk_padding_divider size=&#8221;30&#8243;][mk_fancy_title color=&#8221;#000000&#8243; size=&#8221;22&#8243; line_height=&#8221;150&#8243; font_style=&#8221;normal&#8221; letter_spacing=&#8221;1&#8243; margin_bottom=&#8221;0&#8243; font_family=&#8221;Montserrat&#8221; font_type=&#8221;google&#8221; align=&#8221;center&#8221; el_class=&#8221;custom-jueves-heading&#8221;]TURRONES JOS\u00c9 GARRIG\u00d3S, S. A. ha sido beneficiaria del Fondo Europeo de Desarrollo Regional cuyo objetivo es Potenciar la investigaci\u00f3n, el desarrollo tecnol\u00f3gico y la innovaci\u00f3n, y gracias a que ha realizado un proyecto de \u201cIMPLANTACI\u00d3N DE SISTEMA DE CALORIFUGADO EN INSTALACIONES PARA MEJORA DE LA SOSTENIBILIDAD DEL PROCESO PRODUCTIVO\u201d para apoyar la creaci\u00f3n y consolidaci\u00f3n de empresas innovadoras. Para ello ha contado con el apoyo del Programa de Sostenibilidad 2021 de la C\u00e1mara de Comercio de Alicante.\u201d[\/mk_fancy_title][mk_padding_divider size=&#8221;60&#8243;][\/vc_column][\/vc_row][vc_row fullwidth=&#8221;true&#8221; fullwidth_content=&#8221;false&#8221; css=&#8221;.vc_custom_1543482524109{padding-right: 10% !important;padding-left: 10% !important;}&#8221;][vc_column][mk_padding_divider size=&#8221;10&#8243;][vc_row_inner][vc_column_inner width=&#8221;1\/5&#8243;][mk_image src=&#8221;https:\/\/turronesjgarrigos.com\/wp-content\/uploads\/2022\/04\/union-europea.jpg&#8221; image_size=&#8221;full&#8221; align=&#8221;center&#8221;][\/vc_column_inner][vc_column_inner width=&#8221;4\/5&#8243;][mk_image src=&#8221;https:\/\/turronesjgarrigos.com\/wp-content\/uploads\/2022\/04\/camara-comercio-generalitat.jpg&#8221; image_size=&#8221;full&#8221; align=&#8221;center&#8221;][\/vc_column_inner][\/vc_row_inner][mk_padding_divider size=&#8221;30&#8243;][mk_fancy_title color=&#8221;#000000&#8243; size=&#8221;22&#8243; line_height=&#8221;150&#8243; font_style=&#8221;normal&#8221; letter_spacing=&#8221;1&#8243; margin_bottom=&#8221;0&#8243; font_family=&#8221;Montserrat&#8221; font_type=&#8221;google&#8221; align=&#8221;center&#8221; el_class=&#8221;custom-jueves-heading&#8221;]<span style=\"color: #808080;\">En el marco del Plan de Recuperaci\u00f3n, Transformaci\u00f3n y Resiliencia &#8211; Financiado por la Uni\u00f3n Europea \u2013 NextGenerationEU. <\/span>TURRONES JOS\u00c9 GARRIG\u00d3S, S. A. ha recibido una ayuda de <strong>1600\u20ac<\/strong> para la adquisici\u00f3n de un veh\u00edculo el\u00e9ctrico de la Uni\u00f3n Europea con cargo al Fondo NextGenerationEU, en el marco del Plan de Recuperaci\u00f3n, Trasformaci\u00f3n y Resiliencia, para la adquisici\u00f3n de veh\u00edculos el\u00e9ctricos \u201cenchufables\u201d y de pila combustible dentro del Programa de incentivos a la movilidad eficiente y sostenible (Programa MOVES III Veh\u00edculos Comunitat Valenciana) del Ministerio para la Transici\u00f3n Ecol\u00f3gica y el Reto Demogr\u00e1fico a trav\u00e9s del IDAE, gestionado por el Instituto Valenciano de Competitividad Empresarial (IVACE).\u201d[\/mk_fancy_title][\/vc_column][\/vc_row][vc_row fullwidth=&#8221;true&#8221; fullwidth_content=&#8221;false&#8221; css=&#8221;.vc_custom_1543482524109{padding-right: 10% !important;padding-left: 10% !important;}&#8221;][vc_column][mk_padding_divider size=&#8221;10&#8243;][vc_row_inner][vc_column_inner][mk_image src=&#8221;https:\/\/turronesjgarrigos.com\/wp-content\/uploads\/2024\/05\/turrones.png&#8221; image_size=&#8221;full&#8221; align=&#8221;center&#8221;][\/vc_column_inner][\/vc_row_inner][vc_row_inner][vc_column_inner width=&#8221;1\/2&#8243;][vc_single_image image=&#8221;9755&#8243; img_size=&#8221;full&#8221;][\/vc_column_inner][vc_column_inner width=&#8221;1\/2&#8243;][vc_single_image image=&#8221;10033&#8243; img_size=&#8221;full&#8221;][\/vc_column_inner][\/vc_row_inner][mk_padding_divider size=&#8221;30&#8243;][\/vc_column][\/vc_row][vc_row fullwidth=&#8221;true&#8221; parallax=&#8221;content-moving&#8221; parallax_image=&#8221;7970&#8243;][vc_column][mk_padding_divider size=&#8221;80&#8243;][mk_fancy_title tag_name=&#8221;h4&#8243; color=&#8221;#ffffff&#8221; size=&#8221;25&#8243; font_style=&#8221;normal&#8221; txt_transform=&#8221;uppercase&#8221; letter_spacing=&#8221;2&#8243; margin_top=&#8221;20&#8243; font_family=&#8221;Montserrat&#8221; font_type=&#8221;google&#8221; align=&#8221;center&#8221; animation=&#8221;left-to-right&#8221;]turrones y dulces de m\u00e1xima calidad elaborados artesanalmente para ti<strong><br \/>\n<\/strong>[\/mk_fancy_title][mk_button dimension=&#8221;outline&#8221; corner_style=&#8221;rounded&#8221; size=&#8221;large&#8221; url=&#8221;\/contacto\/&#8221; align=&#8221;center&#8221; outline_skin=&#8221;light&#8221;]SOLICITAR INFORMACI\u00d3N[\/mk_button][mk_padding_divider size=&#8221;80&#8243;][\/vc_column][\/vc_row]\n","protected":false},"excerpt":{"rendered":"<p>[vc_row fullwidth=&#8221;true&#8221;][vc_column][mk_edge_slider first_el=&#8221;true&#8221; swiper_bg=&#8221;&#8221; parallax=&#8221;true&#8221; order=&#8221;ASC&#8221; height=&#8221;900&#8243; animation_effect=&#8221;vertical_slide&#8221; animation_speed=&#8221;200&#8243; slideshow_speed=&#8221;7426&#8243; direction_nav=&#8221;round&#8221; pagination=&#8221;none&#8221; slides=&#8221;7889, 7886&#8243;][\/vc_column][\/vc_row][vc_row fullwidth=&#8221;true&#8221; css=&#8221;.vc_custom_1543504385456{background-color: #f4f4f4 !important;}&#8221;][vc_column][mk_padding_divider size=&#8221;80&#8243;][mk_fancy_title tag_name=&#8221;h4&#8243; color=&#8221;#020202&#8243; size=&#8221;50&#8243; force_font_size=&#8221;true&#8221; size_smallscreen=&#8221;48&#8243; size_tablet=&#8221;45&#8243; size_phone=&#8221;40&#8243; font_style=&#8221;normal&#8221; txt_transform=&#8221;uppercase&#8221; letter_spacing=&#8221;5&#8243; margin_top=&#8221;20&#8243; font_family=&#8221;Montserrat&#8221; font_type=&#8221;google&#8221; align=&#8221;center&#8221; animation=&#8221;left-to-right&#8221;]NUESTROS PRODUCTOS[\/mk_fancy_title][vc_separator color=&#8221;black&#8221; border_width=&#8221;2&#8243; el_width=&#8221;30&#8243;][mk_padding_divider size=&#8221;20&#8243;][vc_row_inner is_fullwidth_content=&#8221;false&#8221;][vc_column_inner][mk_fancy_title tag_name=&#8221;h4&#8243; color=&#8221;#000000&#8243; size=&#8221;22&#8243; line_height=&#8221;150&#8243; font_style=&#8221;normal&#8221; letter_spacing=&#8221;1&#8243; margin_bottom=&#8221;0&#8243; font_family=&#8221;Montserrat&#8221; font_type=&#8221;google&#8221; align=&#8221;center&#8221; animation=&#8221;left-to-right&#8221;]Con dulzura y artesan\u00eda, nuestros [&hellip;]<\/p>\n","protected":false},"author":1,"featured_media":0,"parent":0,"menu_order":1,"comment_status":"closed","ping_status":"closed","template":"","meta":[],"translation":{"provider":"WPGlobus","version":"2.7.7","language":"gb","enabled_languages":["es","gb"],"languages":{"es":{"title":true,"content":true,"excerpt":false},"gb":{"title":true,"content":false,"excerpt":false}}},"_links":{"self":[{"href":"https:\/\/turronesjgarrigos.com\/gb\/wp-json\/wp\/v2\/pages\/7"}],"collection":[{"href":"https:\/\/turronesjgarrigos.com\/gb\/wp-json\/wp\/v2\/pages"}],"about":[{"href":"https:\/\/turronesjgarrigos.com\/gb\/wp-json\/wp\/v2\/types\/page"}],"author":[{"embeddable":true,"href":"https:\/\/turronesjgarrigos.com\/gb\/wp-json\/wp\/v2\/users\/1"}],"replies":[{"embeddable":true,"href":"https:\/\/turronesjgarrigos.com\/gb\/wp-json\/wp\/v2\/comments?post=7"}],"version-history":[{"count":169,"href":"https:\/\/turronesjgarrigos.com\/gb\/wp-json\/wp\/v2\/pages\/7\/revisions"}],"predecessor-version":[{"id":10198,"href":"https:\/\/turronesjgarrigos.com\/gb\/wp-json\/wp\/v2\/pages\/7\/revisions\/10198"}],"wp:attachment":[{"href":"https:\/\/turronesjgarrigos.com\/gb\/wp-json\/wp\/v2\/media?parent=7"}],"curies":[{"name":"wp","href":"https:\/\/api.w.org\/{rel}","templated":true}]}}